{"id":891,"date":"2025-01-08T16:15:28","date_gmt":"2025-01-08T15:15:28","guid":{"rendered":"https:\/\/akwaaba-ev.de\/?page_id=891"},"modified":"2025-07-27T23:04:46","modified_gmt":"2025-07-27T21:04:46","slug":"projekte","status":"publish","type":"page","link":"https:\/\/akwaaba-ev.de\/en\/projekte\/","title":{"rendered":"Projects"},"content":{"rendered":"<div data-elementor-type=\"wp-page\" data-elementor-id=\"891\" class=\"elementor elementor-891\">\n\t\t\t\t<div class=\"elementor-element elementor-element-23cda37 e-flex e-con-boxed e-con e-parent\" data-id=\"23cda37\" data-element_type=\"container\">\n\t\t\t\t\t<div class=\"e-con-inner\">\n\t\t\t\t<div class=\"elementor-element elementor-element-2fccd90 elementor-widget elementor-widget-heading\" data-id=\"2fccd90\" data-element_type=\"widget\" data-widget_type=\"heading.default\">\n\t\t\t\t<div class=\"elementor-widget-container\">\n\t\t\t<style>\/*! elementor - v3.22.0 - 26-06-2024 *\/\n.elementor-heading-title{padding:0;margin:0;line-height:1}.elementor-widget-heading .elementor-heading-title[class*=elementor-size-]>a{color:inherit;font-size:inherit;line-height:inherit}.elementor-widget-heading .elementor-heading-title.elementor-size-small{font-size:15px}.elementor-widget-heading .elementor-heading-title.elementor-size-medium{font-size:19px}.elementor-widget-heading .elementor-heading-title.elementor-size-large{font-size:29px}.elementor-widget-heading .elementor-heading-title.elementor-size-xl{font-size:39px}.elementor-widget-heading .elementor-heading-title.elementor-size-xxl{font-size:59px}<\/style><h2 class=\"elementor-heading-title elementor-size-default\">Projects<\/h2>\t\t<\/div>\n\t\t\t\t<\/div>\n\t\t<div class=\"elementor-element elementor-element-95e172c e-con-full e-flex e-con e-child\" data-id=\"95e172c\" data-element_type=\"container\">\n\t\t<div class=\"elementor-element elementor-element-52650367 e-con-full e-flex e-con e-child\" data-id=\"52650367\" data-element_type=\"container\">\n\t\t\t\t<div class=\"elementor-element elementor-element-47ea8c17 elementor-widget elementor-widget-icon-box\" data-id=\"47ea8c17\" data-element_type=\"widget\" data-widget_type=\"icon-box.default\">\n\t\t\t\t<div class=\"elementor-widget-container\">\n\t\t\t<link rel=\"stylesheet\" href=\"https:\/\/akwaaba-ev.de\/wp-content\/plugins\/elementor\/assets\/css\/widget-icon-box.min.css\">\t\t<div class=\"elementor-icon-box-wrapper\">\n\n\t\t\t\n\t\t\t\t\t\t<div class=\"elementor-icon-box-content\">\n\n\t\t\t\t\t\t\t\t\t<h3 class=\"elementor-icon-box-title\">\n\t\t\t\t\t\t<span  >\n\t\t\t\t\t\t\tMedizinische Einrichtungen vor Ort\t\t\t\t\t\t<\/span>\n\t\t\t\t\t<\/h3>\n\t\t\t\t\n\t\t\t\t\t\t\t\t\t<p class=\"elementor-icon-box-description\">\n\t\t\t\t\t\tMedizinische Einrichtungen vor Ort spielen eine zentrale Rolle in der regionalen Gesundheitsversorgung. H\u00e4ufig fehlt es jedoch an dringend ben\u00f6tigten medizinischen Ger\u00e4ten, was die Arbeit des Personals erschwert und die Patientenversorgung beeintr\u00e4chtigt.\t\t\t\t\t<\/p>\n\t\t\t\t\n\t\t\t<\/div>\n\t\t\t\n\t\t<\/div>\n\t\t\t\t<\/div>\n\t\t\t\t<\/div>\n\t\t<div class=\"elementor-element elementor-element-39e5b85 e-con-full e-flex e-con e-child\" data-id=\"39e5b85\" data-element_type=\"container\">\n\t\t\t\t<div class=\"elementor-element elementor-element-61117f1e elementor-align-left elementor-mobile-align-center elementor-widget elementor-widget-button\" data-id=\"61117f1e\" data-element_type=\"widget\" data-widget_type=\"button.default\">\n\t\t\t\t<div class=\"elementor-widget-container\">\n\t\t\t\t\t<div class=\"elementor-button-wrapper\">\n\t\t\t<a class=\"elementor-button elementor-button-link elementor-size-sm\" href=\"https:\/\/akwaaba-ev.de\/en\/medizinische-einrichtungen\/\">\n\t\t\t\t\t\t<span class=\"elementor-button-content-wrapper\">\n\t\t\t\t\t\t\t\t\t<span class=\"elementor-button-text\">Learn more &gt;<\/span>\n\t\t\t\t\t<\/span>\n\t\t\t\t\t<\/a>\n\t\t<\/div>\n\t\t\t\t<\/div>\n\t\t\t\t<\/div>\n\t\t\t\t<\/div>\n\t\t\t\t<\/div>\n\t\t<div class=\"elementor-element elementor-element-6ab839c4 e-con-full e-flex e-con e-child\" data-id=\"6ab839c4\" data-element_type=\"container\" data-settings=\"{&quot;background_background&quot;:&quot;classic&quot;}\">\n\t\t\t\t<\/div>\n\t\t\t\t<\/div>\n\t\t<div class=\"elementor-element elementor-element-9795a1a e-con-full e-flex e-con e-child\" data-id=\"9795a1a\" data-element_type=\"container\">\n\t\t<div class=\"elementor-element elementor-element-f50fef5 e-con-full e-flex e-con e-child\" data-id=\"f50fef5\" data-element_type=\"container\" data-settings=\"{&quot;background_background&quot;:&quot;classic&quot;}\">\n\t\t\t\t<\/div>\n\t\t<div class=\"elementor-element elementor-element-0ac0fef e-con-full e-flex e-con e-child\" data-id=\"0ac0fef\" data-element_type=\"container\">\n\t\t\t\t<div class=\"elementor-element elementor-element-059db13 elementor-widget elementor-widget-icon-box\" data-id=\"059db13\" data-element_type=\"widget\" data-widget_type=\"icon-box.default\">\n\t\t\t\t<div class=\"elementor-widget-container\">\n\t\t\t\t\t<div class=\"elementor-icon-box-wrapper\">\n\n\t\t\t\n\t\t\t\t\t\t<div class=\"elementor-icon-box-content\">\n\n\t\t\t\t\t\t\t\t\t<h3 class=\"elementor-icon-box-title\">\n\t\t\t\t\t\t<span  >\n\t\t\t\t\t\t\tTraining programmes at schools in developing countries \t\t\t\t\t\t<\/span>\n\t\t\t\t\t<\/h3>\n\t\t\t\t\n\t\t\t\t\t\t\t\t\t<p class=\"elementor-icon-box-description\">\n\t\t\t\t\t\tHealth challenges in developing countries require more than just short-term solutions. During our first project \u2013 equipping the Kasoa Polyclinic with medical equipment \u2013 it became clear that while the support with equipment and materials was urgently needed, it was not enough to create long-term change. Sustainable improvements can only be achieved if knowledge about health and prevention is directly passed on to the people on the ground.\t\t\t\t\t<\/p>\n\t\t\t\t\n\t\t\t<\/div>\n\t\t\t\n\t\t<\/div>\n\t\t\t\t<\/div>\n\t\t\t\t<\/div>\n\t\t<div class=\"elementor-element elementor-element-b0caaf7 e-con-full e-flex e-con e-child\" data-id=\"b0caaf7\" data-element_type=\"container\">\n\t\t\t\t<div class=\"elementor-element elementor-element-ee2f64b elementor-align-left elementor-mobile-align-center elementor-widget elementor-widget-button\" data-id=\"ee2f64b\" data-element_type=\"widget\" data-widget_type=\"button.default\">\n\t\t\t\t<div class=\"elementor-widget-container\">\n\t\t\t\t\t<div class=\"elementor-button-wrapper\">\n\t\t\t<a class=\"elementor-button elementor-button-link elementor-size-sm\" href=\"https:\/\/akwaaba-ev.de\/en\/fortbildungen-an-schulen-in-entwicklungslaendern\/\">\n\t\t\t\t\t\t<span class=\"elementor-button-content-wrapper\">\n\t\t\t\t\t\t\t\t\t<span class=\"elementor-button-text\">Learn more &gt;<\/span>\n\t\t\t\t\t<\/span>\n\t\t\t\t\t<\/a>\n\t\t<\/div>\n\t\t\t\t<\/div>\n\t\t\t\t<\/div>\n\t\t\t\t<\/div>\n\t\t\t\t<\/div>\n\t\t\t\t<\/div>\n\t\t<div class=\"elementor-element elementor-element-a2190d5 e-con-full e-flex e-con e-child\" data-id=\"a2190d5\" data-element_type=\"container\">\n\t\t<div class=\"elementor-element elementor-element-c394332 e-con-full e-flex e-con e-child\" data-id=\"c394332\" data-element_type=\"container\">\n\t\t\t\t<div class=\"elementor-element elementor-element-6249c20 elementor-widget elementor-widget-icon-box\" data-id=\"6249c20\" data-element_type=\"widget\" data-widget_type=\"icon-box.default\">\n\t\t\t\t<div class=\"elementor-widget-container\">\n\t\t\t\t\t<div class=\"elementor-icon-box-wrapper\">\n\n\t\t\t\n\t\t\t\t\t\t<div class=\"elementor-icon-box-content\">\n\n\t\t\t\t\t\t\t\t\t<h3 class=\"elementor-icon-box-title\">\n\t\t\t\t\t\t<span  >\n\t\t\t\t\t\t\tMedimeisterschaften\t\t\t\t\t\t<\/span>\n\t\t\t\t\t<\/h3>\n\t\t\t\t\n\t\t\t\t\t\t\t\t\t<p class=\"elementor-icon-box-description\">\n\t\t\t\t\t\tStarting in 2025, Akwaaba e.V. will embark on an exciting partnership with the Medimeisterschaften, one of the largest sports festivals for medical students in the German-speaking world. This event brings together thousands of medical, dental, and veterinary students from Germany, Austria, Switzerland, Hungary, Romania, and other countries to engage in sports while supporting charitable organizations like ours.  \t\t\t\t\t<\/p>\n\t\t\t\t\n\t\t\t<\/div>\n\t\t\t\n\t\t<\/div>\n\t\t\t\t<\/div>\n\t\t\t\t<\/div>\n\t\t<div class=\"elementor-element elementor-element-0223074 e-con-full e-flex e-con e-child\" data-id=\"0223074\" data-element_type=\"container\">\n\t\t\t\t<div class=\"elementor-element elementor-element-145ba2e elementor-align-left elementor-mobile-align-center elementor-widget elementor-widget-button\" data-id=\"145ba2e\" data-element_type=\"widget\" data-widget_type=\"button.default\">\n\t\t\t\t<div class=\"elementor-widget-container\">\n\t\t\t\t\t<div class=\"elementor-button-wrapper\">\n\t\t\t<a class=\"elementor-button elementor-button-link elementor-size-sm\" href=\"https:\/\/akwaaba-ev.de\/en\/medimeisterschaften\/\">\n\t\t\t\t\t\t<span class=\"elementor-button-content-wrapper\">\n\t\t\t\t\t\t\t\t\t<span class=\"elementor-button-text\">Learn more &gt;<\/span>\n\t\t\t\t\t<\/span>\n\t\t\t\t\t<\/a>\n\t\t<\/div>\n\t\t\t\t<\/div>\n\t\t\t\t<\/div>\n\t\t\t\t<\/div>\n\t\t\t\t<\/div>\n\t\t<div class=\"elementor-element elementor-element-292b8e7 e-con-full e-flex e-con e-child\" data-id=\"292b8e7\" data-element_type=\"container\" data-settings=\"{&quot;background_background&quot;:&quot;classic&quot;}\">\n\t\t\t\t<\/div>\n\t\t\t\t<\/div>\n\t\t<div class=\"elementor-element elementor-element-f2e0436 e-con-full e-flex e-con e-child\" data-id=\"f2e0436\" data-element_type=\"container\">\n\t\t<div class=\"elementor-element elementor-element-08e6f33 e-con-full e-flex e-con e-child\" data-id=\"08e6f33\" data-element_type=\"container\" data-settings=\"{&quot;background_background&quot;:&quot;classic&quot;}\">\n\t\t\t\t<\/div>\n\t\t<div class=\"elementor-element elementor-element-cf355c6 e-con-full e-flex e-con e-child\" data-id=\"cf355c6\" data-element_type=\"container\">\n\t\t\t\t<div class=\"elementor-element elementor-element-21b6b3c elementor-widget elementor-widget-icon-box\" data-id=\"21b6b3c\" data-element_type=\"widget\" data-widget_type=\"icon-box.default\">\n\t\t\t\t<div class=\"elementor-widget-container\">\n\t\t\t\t\t<div class=\"elementor-icon-box-wrapper\">\n\n\t\t\t\n\t\t\t\t\t\t<div class=\"elementor-icon-box-content\">\n\n\t\t\t\t\t\t\t\t\t<h3 class=\"elementor-icon-box-title\">\n\t\t\t\t\t\t<span  >\n\t\t\t\t\t\t\tBildung & Engagement in Deutschland\t\t\t\t\t\t<\/span>\n\t\t\t\t\t<\/h3>\n\t\t\t\t\n\t\t\t\t\t\t\t\t\t<p class=\"elementor-icon-box-description\">\n\t\t\t\t\t\tAkwaaba e.V. relies on the knowledge and commitment of its members, who are medical students, doctors, or dentists. With this professional expertise, we saw the opportunity to offer first aid courses in Germany to raise funds while also supporting our projects in Africa.\t\t\t\t\t<\/p>\n\t\t\t\t\n\t\t\t<\/div>\n\t\t\t\n\t\t<\/div>\n\t\t\t\t<\/div>\n\t\t\t\t<\/div>\n\t\t<div class=\"elementor-element elementor-element-7cd91b2 e-con-full e-flex e-con e-child\" data-id=\"7cd91b2\" data-element_type=\"container\">\n\t\t\t\t<div class=\"elementor-element elementor-element-9df0898 elementor-align-left elementor-mobile-align-center elementor-widget elementor-widget-button\" data-id=\"9df0898\" data-element_type=\"widget\" data-widget_type=\"button.default\">\n\t\t\t\t<div class=\"elementor-widget-container\">\n\t\t\t\t\t<div class=\"elementor-button-wrapper\">\n\t\t\t<a class=\"elementor-button elementor-button-link elementor-size-sm\" href=\"https:\/\/akwaaba-ev.de\/en\/erste-hilfe-kurse\/\">\n\t\t\t\t\t\t<span class=\"elementor-button-content-wrapper\">\n\t\t\t\t\t\t\t\t\t<span class=\"elementor-button-text\">Learn more &gt;<\/span>\n\t\t\t\t\t<\/span>\n\t\t\t\t\t<\/a>\n\t\t<\/div>\n\t\t\t\t<\/div>\n\t\t\t\t<\/div>\n\t\t\t\t<\/div>\n\t\t\t\t<\/div>\n\t\t\t\t<\/div>\n\t\t\t\t\t<\/div>\n\t\t\t\t<\/div>\n\t\t\t\t<\/div>","protected":false},"excerpt":{"rendered":"<p>Projekte Medizinische Einrichtungen vor Ort Medizinische Einrichtungen vor Ort spielen eine zentrale Rolle in der regionalen Gesundheitsversorgung. H\u00e4ufig fehlt es jedoch an dringend ben\u00f6tigten medizinischen Ger\u00e4ten, was die Arbeit des Personals erschwert und die Patientenversorgung beeintr\u00e4chtigt. Mehr erfahren &gt; Fortbildungen an Schulen in Entwicklungsl\u00e4ndern Gesundheitliche Herausforderungen in Entwicklungsl\u00e4ndern erfordern mehr als nur kurzfristige L\u00f6sungen. W\u00e4hrend [&hellip;]<\/p>","protected":false},"author":1,"featured_media":0,"parent":0,"menu_order":0,"comment_status":"closed","ping_status":"closed","template":"","meta":{"footnotes":""},"class_list":["post-891","page","type-page","status-publish","hentry"],"rttpg_featured_image_url":null,"rttpg_author":{"display_name":"arlonso","author_link":"https:\/\/akwaaba-ev.de\/en\/author\/arlonso\/"},"rttpg_comment":0,"rttpg_category":null,"rttpg_excerpt":"Projekte Medizinische Einrichtungen vor Ort Medizinische Einrichtungen vor Ort spielen eine zentrale Rolle in der regionalen Gesundheitsversorgung. H\u00e4ufig fehlt es jedoch an dringend ben\u00f6tigten medizinischen Ger\u00e4ten, was die Arbeit des Personals erschwert und die Patientenversorgung beeintr\u00e4chtigt. Mehr erfahren &gt; Fortbildungen an Schulen in Entwicklungsl\u00e4ndern Gesundheitliche Herausforderungen in Entwicklungsl\u00e4ndern erfordern mehr als nur kurzfristige L\u00f6sungen. W\u00e4hrend&hellip;","_links":{"self":[{"href":"https:\/\/akwaaba-ev.de\/en\/wp-json\/wp\/v2\/pages\/891","targetHints":{"allow":["GET"]}}],"collection":[{"href":"https:\/\/akwaaba-ev.de\/en\/wp-json\/wp\/v2\/pages"}],"about":[{"href":"https:\/\/akwaaba-ev.de\/en\/wp-json\/wp\/v2\/types\/page"}],"author":[{"embeddable":true,"href":"https:\/\/akwaaba-ev.de\/en\/wp-json\/wp\/v2\/users\/1"}],"replies":[{"embeddable":true,"href":"https:\/\/akwaaba-ev.de\/en\/wp-json\/wp\/v2\/comments?post=891"}],"version-history":[{"count":10,"href":"https:\/\/akwaaba-ev.de\/en\/wp-json\/wp\/v2\/pages\/891\/revisions"}],"predecessor-version":[{"id":1436,"href":"https:\/\/akwaaba-ev.de\/en\/wp-json\/wp\/v2\/pages\/891\/revisions\/1436"}],"wp:attachment":[{"href":"https:\/\/akwaaba-ev.de\/en\/wp-json\/wp\/v2\/media?parent=891"}],"curies":[{"name":"wp","href":"https:\/\/api.w.org\/{rel}","templated":true}]}}