{"id":940,"date":"2025-01-09T14:53:51","date_gmt":"2025-01-09T13:53:51","guid":{"rendered":"https:\/\/akwaaba-ev.de\/?page_id=940"},"modified":"2025-07-27T23:11:14","modified_gmt":"2025-07-27T21:11:14","slug":"erste-hilfe-kurse","status":"publish","type":"page","link":"https:\/\/akwaaba-ev.de\/en\/erste-hilfe-kurse\/","title":{"rendered":"First aid courses"},"content":{"rendered":"<div data-elementor-type=\"wp-page\" data-elementor-id=\"940\" class=\"elementor elementor-940\">\n\t\t\t\t<div class=\"elementor-element elementor-element-83446ca e-con-full e-flex e-con e-parent\" data-id=\"83446ca\" data-element_type=\"container\" data-settings=\"{&quot;background_background&quot;:&quot;classic&quot;}\">\n\t\t<div class=\"elementor-element elementor-element-51dada85 e-con-full e-flex e-con e-child\" data-id=\"51dada85\" data-element_type=\"container\" data-settings=\"{&quot;background_background&quot;:&quot;classic&quot;}\">\n\t\t\t\t<div class=\"elementor-element elementor-element-67dc644c elementor-widget elementor-widget-heading\" data-id=\"67dc644c\" data-element_type=\"widget\" data-widget_type=\"heading.default\">\n\t\t\t\t<div class=\"elementor-widget-container\">\n\t\t\t<style>\/*! elementor - v3.22.0 - 26-06-2024 *\/\n.elementor-heading-title{padding:0;margin:0;line-height:1}.elementor-widget-heading .elementor-heading-title[class*=elementor-size-]>a{color:inherit;font-size:inherit;line-height:inherit}.elementor-widget-heading .elementor-heading-title.elementor-size-small{font-size:15px}.elementor-widget-heading .elementor-heading-title.elementor-size-medium{font-size:19px}.elementor-widget-heading .elementor-heading-title.elementor-size-large{font-size:29px}.elementor-widget-heading .elementor-heading-title.elementor-size-xl{font-size:39px}.elementor-widget-heading .elementor-heading-title.elementor-size-xxl{font-size:59px}<\/style><h2 class=\"elementor-heading-title elementor-size-default\">Bildung & ENgagement<\/h2>\t\t<\/div>\n\t\t\t\t<\/div>\n\t\t\t\t<div class=\"elementor-element elementor-element-535e0e58 elementor-widget elementor-widget-text-editor\" data-id=\"535e0e58\" data-element_type=\"widget\" data-widget_type=\"text-editor.default\">\n\t\t\t\t<div class=\"elementor-widget-container\">\n\t\t\t<style>\/*! elementor - v3.22.0 - 26-06-2024 *\/\n.elementor-widget-text-editor.elementor-drop-cap-view-stacked .elementor-drop-cap{background-color:#69727d;color:#fff}.elementor-widget-text-editor.elementor-drop-cap-view-framed .elementor-drop-cap{color:#69727d;border:3px solid;background-color:transparent}.elementor-widget-text-editor:not(.elementor-drop-cap-view-default) .elementor-drop-cap{margin-top:8px}.elementor-widget-text-editor:not(.elementor-drop-cap-view-default) .elementor-drop-cap-letter{width:1em;height:1em}.elementor-widget-text-editor .elementor-drop-cap{float:left;text-align:center;line-height:1;font-size:50px}.elementor-widget-text-editor .elementor-drop-cap-letter{display:inline-block}<\/style>\t\t\t\t<p>in Deutschland<\/p>\t\t\t\t\t\t<\/div>\n\t\t\t\t<\/div>\n\t\t\t\t<div class=\"elementor-element elementor-element-ce330d3 elementor-widget elementor-widget-text-editor\" data-id=\"ce330d3\" data-element_type=\"widget\" data-widget_type=\"text-editor.default\">\n\t\t\t\t<div class=\"elementor-widget-container\">\n\t\t\t\t\t\t\t<p>Akwaaba e.V. lebt vom Wissen, der Motivation und dem Engagement seiner Mitglieder \u2013viele von uns bringen einen medizinischen Hintergrund mit, sei es durch ihr Studium, ihre Berufst\u00e4tigkeit oder praktische Auslandserfahrungen. Andere wiederum bereichern den Verein durch ihre Expertise in Bereichen wie P\u00e4dagogik, Sozialarbeit, Kommunikation oder Organisation. Dieses Know-how nutzen wir nicht nur im Ausland, sondern auch gezielt f\u00fcr Bildungsarbeit und gemeinn\u00fctzige Angebote in Deutschland.<\/p>\t\t\t\t\t\t<\/div>\n\t\t\t\t<\/div>\n\t\t\t\t<\/div>\n\t\t<div class=\"elementor-element elementor-element-12124d0b e-con-full e-flex e-con e-child\" data-id=\"12124d0b\" data-element_type=\"container\" data-settings=\"{&quot;background_background&quot;:&quot;classic&quot;}\">\n\t\t\t\t<\/div>\n\t\t\t\t<\/div>\n\t\t<div class=\"elementor-element elementor-element-8f20dea e-flex e-con-boxed e-con e-parent\" data-id=\"8f20dea\" data-element_type=\"container\">\n\t\t\t\t\t<div class=\"e-con-inner\">\n\t\t\t\t<div class=\"elementor-element elementor-element-124ce01 elementor-widget elementor-widget-text-editor\" data-id=\"124ce01\" data-element_type=\"widget\" data-widget_type=\"text-editor.default\">\n\t\t\t\t<div class=\"elementor-widget-container\">\n\t\t\t\t\t\t\t<p>Unsere Bildungsarbeit hier vor Ort verfolgt zwei Schwerpunkte:<\/p><h2>1. Erste-Hilfe-Kurse zur Spendenakquise<\/h2><p>Ein zentraler Baustein unserer Arbeit ist die Durchf\u00fchrung von Erste-Hilfe-Kursen in Deutschland. Durch die fachliche Expertise unserer Mitglieder sahen wir fr\u00fch die M\u00f6glichkeit, Kurse anzubieten, die nicht nur Wissen vermitteln, sondern auch unsere Projekte in Ghana unterst\u00fctzen.<\/p><h2>Ziel des Projekts:<\/h2><p>Mit den Einnahmen aus den Kursen finanzieren wir u.a.:<\/p><ul><li>Erste-Hilfe-Schulungen f\u00fcr Kinder und Jugendliche in Ghana<\/li><li>Die Anschaffung von Verbandsmaterial, Lernplakaten und Notfallkoffern<\/li><li>Den Ausbau unserer Gesundheitsbildungsangebote vor Ort<\/li><\/ul><p>Unsere Vision: Leben retten \u2013 lokal wie global. Gleichzeitig wollen wir in Deutschland das Bewusstsein f\u00fcr medizinische Ersthilfe und Pr\u00e4vention st\u00e4rken.<\/p><p>Neuigkeiten und Termine werden auf unserer Webseite bekannt gegeben.<\/p><h2>2. Bildungsangebote zur nachhaltigen Entwicklungszusammenarbeit<\/h2><p>Neben medizinischem Wissen m\u00f6chten wir auch \u00fcber globale Gerechtigkeit und nachhaltige Entwicklungszusammenarbeit informieren. Diese Themen sind Teil unserer Vereinsarbeit \u2013 und zunehmend auch unserer Bildungsarbeit in Deutschland.<\/p><h3>Inhaltliche Schwerpunkte unserer Vortr\u00e4ge und Workshops:<\/h3><ul><li>Was bedeutet Entwicklungszusammenarbeit heute?<\/li><li>Wie kann medizinisches Engagement im Ausland wirklich nachhaltig sein?<\/li><li>Welche Rolle spielen Machtverh\u00e4ltnisse, globale Gesundheit und koloniale Kontinuit\u00e4ten?<\/li><\/ul><p><br \/>In Kooperation mit einer Partnerin planen wir aktuell gezielte Angebote an Schulen, bei denen wir mit interaktiven Formaten \u00fcber globale Verantwortung, Gesundheit und Engagement informieren \u2013 altersgerecht und praxisnah.<\/p><h3>Mitmachen &amp; Mitgestalten<\/h3><p>Wir freuen uns immer \u00fcber neue Impulse und Unterst\u00fctzung \u2013 sei es durch Fachwissen, Kontakte zu Bildungseinrichtungen<br \/>oder aktive Mithilfe bei unseren Veranstaltungen.Du hast Interesse, selbst mitzuwirken oder uns f\u00fcr eine Veranstaltung, einen Vortrag oder eine Schulkooperation anzufragen?<\/p><p>Dann melde dich gerne bei uns:<\/p><p><a href=\"mailto:info@akwaaba-ev.de\">info@akwaaba-ev.de<\/a> <br \/>Oder unser <a href=\"https:\/\/akwaaba-ev.de\/en\/#kontakt\">Contact form<\/a> auf der Webseite.<\/p>\t\t\t\t\t\t<\/div>\n\t\t\t\t<\/div>\n\t\t<div class=\"elementor-element elementor-element-72121b6 e-con-full e-flex e-con e-child\" data-id=\"72121b6\" data-element_type=\"container\">\n\t\t\t\t<div class=\"elementor-element elementor-element-ca5dfcb elementor-widget elementor-widget-text-editor\" data-id=\"ca5dfcb\" data-element_type=\"widget\" data-widget_type=\"text-editor.default\">\n\t\t\t\t<div class=\"elementor-widget-container\">\n\t\t\t\t\t\t\t<p><em>Text: Naemi Kerl<\/em><\/p>\t\t\t\t\t\t<\/div>\n\t\t\t\t<\/div>\n\t\t\t\t<\/div>\n\t\t\t\t\t<\/div>\n\t\t\t\t<\/div>\n\t\t<div class=\"elementor-element elementor-element-d851e28 e-flex e-con-boxed e-con e-parent\" data-id=\"d851e28\" data-element_type=\"container\">\n\t\t\t\t\t<div class=\"e-con-inner\">\n\t\t\t\t<div class=\"elementor-element elementor-element-9c9f4a0 elementor-widget elementor-widget-heading\" data-id=\"9c9f4a0\" data-element_type=\"widget\" data-widget_type=\"heading.default\">\n\t\t\t\t<div class=\"elementor-widget-container\">\n\t\t\t<h2 class=\"elementor-heading-title elementor-size-default\">Bildung und Engagement in Deutschland<\/h2>\t\t<\/div>\n\t\t\t\t<\/div>\n\t\t\t\t<div class=\"elementor-element elementor-element-ec44296 tpg-wrapper-align-left elementor-widget__width-auto meta-visibility-show title_position_default title_hover_border_default title-default img_hover_animation_default meta_position_default tpg-is-author-icon-show author-image-visibility-icon tpg-category-position-default readmore-btn-default-style grid-hover-overlay-type-always tpg-el-box-border-enable tpg-border-bottom-disable elementor-widget elementor-widget-tpg-grid-layout\" data-id=\"ec44296\" data-element_type=\"widget\" data-widget_type=\"tpg-grid-layout.default\">\n\t\t\t\t<div class=\"elementor-widget-container\">\n\t\t\t\t\t<div class=\"rt-container-fluid rt-tpg-container tpg-el-main-wrapper clearfix grid-layout3-main\"\n\t\t\t id=\"rt-tpg-container-2289515621\"\n\t\t\t data-layout=\"grid-layout3\"\n\t\t\t data-grid-style=\"tpg-full-height\"\n\t\t\t data-sc-id=\"elementor\"\n\t\t\t data-el-settings=''\n\t\t\t data-el-query=''\n\t\t\t data-el-path=''\n\t\t>\n\n\t\t\t\t\t\t<div class='tpg-header-wrapper'>\n\t\t\t\t\t\t\t<\/div>\n\n\t\t\t<div data-title=\"Loading ...\" class=\"rt-row rt-content-loader grid-layout3 grid-behaviour tpg-full-height grid_layout_wrapper\">\n\t\t\t\t\n<div class=\"rt-col-md-6 rt-col-sm-12 rt-col-xs-12 default rt-grid-item\" data-id=\"1317\">\n\t<div class=\"rt-holder tpg-post-holder\">\n\t\t<div class=\"rt-detail rt-el-content-wrapper\">\n\t\t\t\t\t\t\t<div class=\"rt-img-holder tpg-el-image-wrap has-thumbnail\">\n\t\t\t\t\t<a data-id=\"1317\" href=\"https:\/\/akwaaba-ev.de\/en\/2025\/05\/30\/akwaaba-foundation-im-fokus\/\" class=\"tpg-post-link\" target=\"_self\">                        <img fetchpriority=\"high\" decoding=\"async\" src=\"https:\/\/akwaaba-ev.de\/wp-content\/uploads\/2025\/05\/akwaaba-im-fokus.jpeg\"\n                             class=\"rt-img-responsive\"\n                             width=\"600\"\n                             height=\"901\"\n                             alt=\"Akwaaba Foundation im Fokus\">\n\t\t\t\t\t\t\n\t\t\t\t\t\t\t\n\t\t<\/a>\n\t\t        <div class=\"overlay grid-hover-content\"><\/div>\n\t\t\t\t\t\t<\/div>\n\t\t\t\n\n\t\t\t<div class=\"entry-title-wrapper\"><h3 class=\"entry-title\"><a data-id=\"1317\" href=\"https:\/\/akwaaba-ev.de\/en\/2025\/05\/30\/akwaaba-foundation-im-fokus\/\" class=\"tpg-post-link\" target=\"_self\">Akwaaba Foundation im Fokus<\/a><\/h3><\/div>\n\t\t\t\t\t\t\t<div class=\"post-meta-tags rt-el-post-meta\">\n\t\t\t\t\t            <span class='author'>\n\n\t\t\t\t<i class='fa fa-user'><\/i><a href=\"https:\/\/akwaaba-ev.de\/en\/author\/naemi\/\">Naemi Kerl<\/a>\t\t\t<\/span>\n\t\t\t            <span class='date'>\n\t\t\t\t<i class='far fa-calendar-alt'><\/i>\t\t\t\t<a href=\"https:\/\/akwaaba-ev.de\/en\/2025\/05\/30\/\">\n\t\t\t\t\t30. May 2025\t\t\t\t<\/a>\n\t\t\t<\/span>\n\t\t\t            <span class='categories-links'>\n\t\t\t\t<i class='fas fa-folder-open'><\/i><a class=\"blog\" href=\"https:\/\/akwaaba-ev.de\/en\/category\/blog\/\">Blog<\/a><span class=\"rt-separator\">,<\/span><a class=\"erste-hilfe\" href=\"https:\/\/akwaaba-ev.de\/en\/category\/erste-hilfe\/\">First aid<\/a>\n\t\t\t<\/span>\n\t\t\t\t\t\t\t<\/div>\n\t\t\t\n\t\t\t\t\t\t\t<div class=\"tpg-excerpt tpg-el-excerpt\">\n\t\t\t\t\t\t\t\t\t\t\t<div class=\"tpg-excerpt-inner\">\n\t\t\t\t\t\t\tOn December 6th, we had the wonderful opportunity to collect donations for our organization, Akwaaba e.V., during the Christmas party of the Medical Faculty at the University of Oldenburg. In addition to the...\t\t\t\t\t\t<\/div>\n\t\t\t\t\t\t\t\t\t\t\t\t\t\t<\/div>\n\t\t\t\n\t\t\t        <div class=\"post-footer\">\n            <div class=\"post-footer\">\n                <div class=\"read-more\">\n\t\t\t\t\t<a data-id=\"1317\" href=\"https:\/\/akwaaba-ev.de\/en\/2025\/05\/30\/akwaaba-foundation-im-fokus\/\" class=\"tpg-post-link\" target=\"_self\">Read more<\/a>                <\/div>\n            <\/div>\n        <\/div>\n\t\t\t\t<\/div>\n\t<\/div>\n<\/div>\n\n<div class=\"rt-col-md-6 rt-col-sm-12 rt-col-xs-12 default rt-grid-item\" data-id=\"766\">\n\t<div class=\"rt-holder tpg-post-holder\">\n\t\t<div class=\"rt-detail rt-el-content-wrapper\">\n\t\t\t\t\t\t\t<div class=\"rt-img-holder tpg-el-image-wrap has-thumbnail\">\n\t\t\t\t\t<a data-id=\"766\" href=\"https:\/\/akwaaba-ev.de\/en\/2024\/10\/31\/erste-hilfe-kurse-mit-william-spenden-fuer-die-kasoa-polyclinic\/\" class=\"tpg-post-link\" target=\"_self\">                        <img decoding=\"async\" src=\"https:\/\/akwaaba-ev.de\/wp-content\/uploads\/2024\/10\/erste-hilfe-william.jpeg\"\n                             class=\"rt-img-responsive\"\n                             width=\"737\"\n                             height=\"974\"\n                             alt=\"Erste-Hilfe-Kurse mit William: Spenden f\u00fcr die Kasoa Polyclinic\">\n\t\t\t\t\t\t\n\t\t\t\t\t\t\t\n\t\t<\/a>\n\t\t        <div class=\"overlay grid-hover-content\"><\/div>\n\t\t\t\t\t\t<\/div>\n\t\t\t\n\n\t\t\t<div class=\"entry-title-wrapper\"><h3 class=\"entry-title\"><a data-id=\"766\" href=\"https:\/\/akwaaba-ev.de\/en\/2024\/10\/31\/erste-hilfe-kurse-mit-william-spenden-fuer-die-kasoa-polyclinic\/\" class=\"tpg-post-link\" target=\"_self\">First Aid Courses with William: Fundraising for the Kasoa Polyclinic<\/a><\/h3><\/div>\n\t\t\t\t\t\t\t<div class=\"post-meta-tags rt-el-post-meta\">\n\t\t\t\t\t            <span class='author'>\n\n\t\t\t\t<i class='fa fa-user'><\/i><a href=\"https:\/\/akwaaba-ev.de\/en\/author\/naemi\/\">Naemi Kerl<\/a>\t\t\t<\/span>\n\t\t\t            <span class='date'>\n\t\t\t\t<i class='far fa-calendar-alt'><\/i>\t\t\t\t<a href=\"https:\/\/akwaaba-ev.de\/en\/2024\/10\/31\/\">\n\t\t\t\t\t31. October 2024\t\t\t\t<\/a>\n\t\t\t<\/span>\n\t\t\t            <span class='categories-links'>\n\t\t\t\t<i class='fas fa-folder-open'><\/i><a class=\"erste-hilfe\" href=\"https:\/\/akwaaba-ev.de\/en\/category\/erste-hilfe\/\">First aid<\/a>\n\t\t\t<\/span>\n\t\t\t\t\t\t\t<\/div>\n\t\t\t\n\t\t\t\t\t\t\t<div class=\"tpg-excerpt tpg-el-excerpt\">\n\t\t\t\t\t\t\t\t\t\t\t<div class=\"tpg-excerpt-inner\">\n\t\t\t\t\t\t\tWe are excited to share a fantastic initiative currently being led by William, one of our board members. William is offering First Aid courses specifically designed to...\t\t\t\t\t\t<\/div>\n\t\t\t\t\t\t\t\t\t\t\t\t\t\t<\/div>\n\t\t\t\n\t\t\t        <div class=\"post-footer\">\n            <div class=\"post-footer\">\n                <div class=\"read-more\">\n\t\t\t\t\t<a data-id=\"766\" href=\"https:\/\/akwaaba-ev.de\/en\/2024\/10\/31\/erste-hilfe-kurse-mit-william-spenden-fuer-die-kasoa-polyclinic\/\" class=\"tpg-post-link\" target=\"_self\">Read more<\/a>                <\/div>\n            <\/div>\n        <\/div>\n\t\t\t\t<\/div>\n\t<\/div>\n<\/div>\n\t\t\t<\/div>\n\t\t\t\n\t\t<\/div>\n\t\t\t\t<\/div>\n\t\t\t\t<\/div>\n\t\t\t\t\t<\/div>\n\t\t\t\t<\/div>\n\t\t\t\t<\/div>","protected":false},"excerpt":{"rendered":"<p>Bildung &#038; ENgagement in Deutschland Akwaaba e.V. lebt vom Wissen, der Motivation und dem Engagement seiner Mitglieder \u2013viele von uns bringen einen medizinischen Hintergrund mit, sei es durch ihr Studium, ihre Berufst\u00e4tigkeit oder praktische Auslandserfahrungen. Andere wiederum bereichern den Verein durch ihre Expertise in Bereichen wie P\u00e4dagogik, Sozialarbeit, Kommunikation oder Organisation. Dieses Know-how nutzen wir [&hellip;]<\/p>","protected":false},"author":1,"featured_media":0,"parent":0,"menu_order":0,"comment_status":"closed","ping_status":"closed","template":"","meta":{"footnotes":""},"class_list":["post-940","page","type-page","status-publish","hentry"],"rttpg_featured_image_url":null,"rttpg_author":{"display_name":"arlonso","author_link":"https:\/\/akwaaba-ev.de\/en\/author\/arlonso\/"},"rttpg_comment":0,"rttpg_category":"","rttpg_excerpt":"Bildung &#038; ENgagement in Deutschland Akwaaba e.V. lebt vom Wissen, der Motivation und dem Engagement seiner Mitglieder \u2013viele von uns bringen einen medizinischen Hintergrund mit, sei es durch ihr Studium, ihre Berufst\u00e4tigkeit oder praktische Auslandserfahrungen. Andere wiederum bereichern den Verein durch ihre Expertise in Bereichen wie P\u00e4dagogik, Sozialarbeit, Kommunikation oder Organisation. Dieses Know-how nutzen wir&hellip;","_links":{"self":[{"href":"https:\/\/akwaaba-ev.de\/en\/wp-json\/wp\/v2\/pages\/940","targetHints":{"allow":["GET"]}}],"collection":[{"href":"https:\/\/akwaaba-ev.de\/en\/wp-json\/wp\/v2\/pages"}],"about":[{"href":"https:\/\/akwaaba-ev.de\/en\/wp-json\/wp\/v2\/types\/page"}],"author":[{"embeddable":true,"href":"https:\/\/akwaaba-ev.de\/en\/wp-json\/wp\/v2\/users\/1"}],"replies":[{"embeddable":true,"href":"https:\/\/akwaaba-ev.de\/en\/wp-json\/wp\/v2\/comments?post=940"}],"version-history":[{"count":10,"href":"https:\/\/akwaaba-ev.de\/en\/wp-json\/wp\/v2\/pages\/940\/revisions"}],"predecessor-version":[{"id":1446,"href":"https:\/\/akwaaba-ev.de\/en\/wp-json\/wp\/v2\/pages\/940\/revisions\/1446"}],"wp:attachment":[{"href":"https:\/\/akwaaba-ev.de\/en\/wp-json\/wp\/v2\/media?parent=940"}],"curies":[{"name":"wp","href":"https:\/\/api.w.org\/{rel}","templated":true}]}}