{"id":958,"date":"2025-01-09T15:13:23","date_gmt":"2025-01-09T14:13:23","guid":{"rendered":"https:\/\/akwaaba-ev.de\/?page_id=958"},"modified":"2025-01-14T19:07:55","modified_gmt":"2025-01-14T18:07:55","slug":"medimeisterschaften","status":"publish","type":"page","link":"https:\/\/akwaaba-ev.de\/en\/medimeisterschaften\/","title":{"rendered":"Medimeisterschaften"},"content":{"rendered":"<div data-elementor-type=\"wp-page\" data-elementor-id=\"958\" class=\"elementor elementor-958\">\n\t\t\t\t<div class=\"elementor-element elementor-element-83446ca e-con-full e-flex e-con e-parent\" data-id=\"83446ca\" data-element_type=\"container\" data-settings=\"{&quot;background_background&quot;:&quot;classic&quot;}\">\n\t\t<div class=\"elementor-element elementor-element-51dada85 e-con-full e-flex e-con e-child\" data-id=\"51dada85\" data-element_type=\"container\" data-settings=\"{&quot;background_background&quot;:&quot;classic&quot;}\">\n\t\t\t\t<div class=\"elementor-element elementor-element-535e0e58 elementor-widget elementor-widget-text-editor\" data-id=\"535e0e58\" data-element_type=\"widget\" data-widget_type=\"text-editor.default\">\n\t\t\t\t<div class=\"elementor-widget-container\">\n\t\t\t<style>\/*! elementor - v3.22.0 - 26-06-2024 *\/\n.elementor-widget-text-editor.elementor-drop-cap-view-stacked .elementor-drop-cap{background-color:#69727d;color:#fff}.elementor-widget-text-editor.elementor-drop-cap-view-framed .elementor-drop-cap{color:#69727d;border:3px solid;background-color:transparent}.elementor-widget-text-editor:not(.elementor-drop-cap-view-default) .elementor-drop-cap{margin-top:8px}.elementor-widget-text-editor:not(.elementor-drop-cap-view-default) .elementor-drop-cap-letter{width:1em;height:1em}.elementor-widget-text-editor .elementor-drop-cap{float:left;text-align:center;line-height:1;font-size:50px}.elementor-widget-text-editor .elementor-drop-cap-letter{display:inline-block}<\/style>\t\t\t\t<p><span style=\"font-weight: 400;\">NUR#Pfand<\/span><\/p>\t\t\t\t\t\t<\/div>\n\t\t\t\t<\/div>\n\t\t\t\t<div class=\"elementor-element elementor-element-67dc644c elementor-widget elementor-widget-heading\" data-id=\"67dc644c\" data-element_type=\"widget\" data-widget_type=\"heading.default\">\n\t\t\t\t<div class=\"elementor-widget-container\">\n\t\t\t<style>\/*! elementor - v3.22.0 - 26-06-2024 *\/\n.elementor-heading-title{padding:0;margin:0;line-height:1}.elementor-widget-heading .elementor-heading-title[class*=elementor-size-]>a{color:inherit;font-size:inherit;line-height:inherit}.elementor-widget-heading .elementor-heading-title.elementor-size-small{font-size:15px}.elementor-widget-heading .elementor-heading-title.elementor-size-medium{font-size:19px}.elementor-widget-heading .elementor-heading-title.elementor-size-large{font-size:29px}.elementor-widget-heading .elementor-heading-title.elementor-size-xl{font-size:39px}.elementor-widget-heading .elementor-heading-title.elementor-size-xxl{font-size:59px}<\/style><h2 class=\"elementor-heading-title elementor-size-default\">Medimeisterschaften<\/h2>\t\t<\/div>\n\t\t\t\t<\/div>\n\t\t\t\t<div class=\"elementor-element elementor-element-ce330d3 elementor-widget elementor-widget-text-editor\" data-id=\"ce330d3\" data-element_type=\"widget\" data-widget_type=\"text-editor.default\">\n\t\t\t\t<div class=\"elementor-widget-container\">\n\t\t\t\t\t\t\t<p><span style=\"font-weight: 400;\">Starting in 2025, Akwaaba e.V. will embark on an exciting partnership with the Medimeisterschaften, one of the largest sports festivals for medical students in the German-speaking world. This event brings together thousands of medical, dental, and veterinary students from Germany, Austria, Switzerland, Hungary, Romania, and other countries to engage in sports while supporting charitable organizations like ours. <\/span><\/p>\t\t\t\t\t\t<\/div>\n\t\t\t\t<\/div>\n\t\t\t\t<\/div>\n\t\t<div class=\"elementor-element elementor-element-12124d0b e-con-full e-flex e-con e-child\" data-id=\"12124d0b\" data-element_type=\"container\" data-settings=\"{&quot;background_background&quot;:&quot;classic&quot;}\">\n\t\t\t\t<\/div>\n\t\t\t\t<\/div>\n\t\t<div class=\"elementor-element elementor-element-8f20dea e-flex e-con-boxed e-con e-parent\" data-id=\"8f20dea\" data-element_type=\"container\">\n\t\t\t\t\t<div class=\"e-con-inner\">\n\t\t\t\t<div class=\"elementor-element elementor-element-124ce01 elementor-widget elementor-widget-text-editor\" data-id=\"124ce01\" data-element_type=\"widget\" data-widget_type=\"text-editor.default\">\n\t\t\t\t<div class=\"elementor-widget-container\">\n\t\t\t\t\t\t\t<h2>The idea behind the cooperation<\/h2><p>The Medimeisterschaften provide a great platform to generate donations for charitable causes. With our inclusion in the Medimeisterschaften support program, we now have the opportunity to advance our projects in Africa with the funds raised there. From the idea to the commitment, it has been an exciting journey: After several discussions with the organizers, we were able to successfully apply as a partner organization.<\/p><h2>Goal of the collaboration<\/h2><p>The main goal of this collaboration is to raise additional financial resources for our projects. This support will enable us to continue delivering medical equipment to underserved clinics, conduct health education programs for children and adults locally, and launch new initiatives.<\/p><h2>Your support matters!<\/h2><p>To make the most of this collaboration, we rely on your support. Whether as volunteers on-site, collecting bottles for recycling, or as a point of contact to help with organization or presentations \u2013 any form of involvement helps us achieve our goals.<\/p><p class=\"translation-block\">If you would like to directly support us with the 'Medimeisterschaften' project or have contacts that could be helpful, we would be happy to hear from you. Please send us a message at <a href=\"mailto:info@akwaaba-ev.de\" target=\"_self\">info@akwaaba-ev.de<\/a> or use the <a href=\"https:\/\/akwaaba-ev.de\/en\/#kontakt\" target=\"_self\">contact form<\/a> on our website.<\/p>\t\t\t\t\t\t<\/div>\n\t\t\t\t<\/div>\n\t\t<div class=\"elementor-element elementor-element-72121b6 e-con-full e-flex e-con e-child\" data-id=\"72121b6\" data-element_type=\"container\">\n\t\t\t\t<div class=\"elementor-element elementor-element-ca5dfcb elementor-widget elementor-widget-text-editor\" data-id=\"ca5dfcb\" data-element_type=\"widget\" data-widget_type=\"text-editor.default\">\n\t\t\t\t<div class=\"elementor-widget-container\">\n\t\t\t\t\t\t\t<p><em>Text: Naemi Kerl<\/em><\/p>\t\t\t\t\t\t<\/div>\n\t\t\t\t<\/div>\n\t\t\t\t<\/div>\n\t\t\t\t\t<\/div>\n\t\t\t\t<\/div>\n\t\t<div class=\"elementor-element elementor-element-d851e28 e-flex e-con-boxed e-con e-parent\" data-id=\"d851e28\" data-element_type=\"container\">\n\t\t\t\t\t<div class=\"e-con-inner\">\n\t\t\t\t<div class=\"elementor-element elementor-element-9c9f4a0 elementor-widget elementor-widget-heading\" data-id=\"9c9f4a0\" data-element_type=\"widget\" data-widget_type=\"heading.default\">\n\t\t\t\t<div class=\"elementor-widget-container\">\n\t\t\t<h2 class=\"elementor-heading-title elementor-size-default\">News on Medimeisterschaften<\/h2>\t\t<\/div>\n\t\t\t\t<\/div>\n\t\t\t\t<div class=\"elementor-element elementor-element-ec44296 tpg-wrapper-align-left elementor-widget__width-auto meta-visibility-show title_position_default title_hover_border_default title-default img_hover_animation_default meta_position_default tpg-is-author-icon-show author-image-visibility-icon tpg-category-position-default readmore-btn-default-style grid-hover-overlay-type-always tpg-el-box-border-enable tpg-border-bottom-disable elementor-widget elementor-widget-tpg-grid-layout\" data-id=\"ec44296\" data-element_type=\"widget\" data-widget_type=\"tpg-grid-layout.default\">\n\t\t\t\t<div class=\"elementor-widget-container\">\n\t\t\t\t\t<div class=\"rt-container-fluid rt-tpg-container tpg-el-main-wrapper clearfix grid-layout3-main\"\n\t\t\t id=\"rt-tpg-container-2767628733\"\n\t\t\t data-layout=\"grid-layout3\"\n\t\t\t data-grid-style=\"tpg-full-height\"\n\t\t\t data-sc-id=\"elementor\"\n\t\t\t data-el-settings=''\n\t\t\t data-el-query=''\n\t\t\t data-el-path=''\n\t\t>\n\n\t\t\t\t\t\t<div class='tpg-header-wrapper'>\n\t\t\t\t\t\t\t<\/div>\n\n\t\t\t<div data-title=\"Loading ...\" class=\"rt-row rt-content-loader grid-layout3 grid-behaviour tpg-full-height grid_layout_wrapper\">\n\t\t\t\t\n<div class=\"rt-col-md-6 rt-col-sm-6 rt-col-xs-12 default rt-grid-item\" data-id=\"1263\">\n\t<div class=\"rt-holder tpg-post-holder\">\n\t\t<div class=\"rt-detail rt-el-content-wrapper\">\n\t\t\t\t\t\t\t<div class=\"rt-img-holder tpg-el-image-wrap has-thumbnail\">\n\t\t\t\t\t<a data-id=\"1263\" href=\"https:\/\/akwaaba-ev.de\/en\/2025\/06\/16\/akwaaba-e-v-bei-den-medimeisterschaften-2025-einsatz-gemeinschaft-und-jede-menge-pfand\/\" class=\"tpg-post-link\" target=\"_self\">                        <img fetchpriority=\"high\" decoding=\"async\" src=\"https:\/\/akwaaba-ev.de\/wp-content\/uploads\/2025\/06\/medimeisterschaften-akwaaba-team.jpg\"\n                             class=\"rt-img-responsive\"\n                             width=\"800\"\n                             height=\"600\"\n                             alt=\"Akwaaba e.V. bei den Medimeisterschaften 2025 \u2013 Einsatz, Gemeinschaft und jede Menge Pfand\">\n\t\t\t\t\t\t\n\t\t\t\t\t\t\t\n\t\t<\/a>\n\t\t        <div class=\"overlay grid-hover-content\"><\/div>\n\t\t\t\t\t\t<\/div>\n\t\t\t\n\n\t\t\t<div class=\"entry-title-wrapper\"><h3 class=\"entry-title\"><a data-id=\"1263\" href=\"https:\/\/akwaaba-ev.de\/en\/2025\/06\/16\/akwaaba-e-v-bei-den-medimeisterschaften-2025-einsatz-gemeinschaft-und-jede-menge-pfand\/\" class=\"tpg-post-link\" target=\"_self\">Akwaaba e.V. bei den Medimeisterschaften 2025 \u2013 Einsatz, Gemeinschaft und jede Menge Pfand<\/a><\/h3><\/div>\n\t\t\t\t\t\t\t<div class=\"post-meta-tags rt-el-post-meta\">\n\t\t\t\t\t            <span class='author'>\n\n\t\t\t\t<i class='fa fa-user'><\/i><a href=\"https:\/\/akwaaba-ev.de\/en\/author\/naemi\/\">Naemi Kerl<\/a>\t\t\t<\/span>\n\t\t\t            <span class='date'>\n\t\t\t\t<i class='far fa-calendar-alt'><\/i>\t\t\t\t<a href=\"https:\/\/akwaaba-ev.de\/en\/2025\/06\/16\/\">\n\t\t\t\t\t16. June 2025\t\t\t\t<\/a>\n\t\t\t<\/span>\n\t\t\t            <span class='categories-links'>\n\t\t\t\t<i class='fas fa-folder-open'><\/i><a class=\"blog\" href=\"https:\/\/akwaaba-ev.de\/en\/category\/blog\/\">Blog<\/a><span class=\"rt-separator\">,<\/span><a class=\"kooperationen\" href=\"https:\/\/akwaaba-ev.de\/en\/category\/kooperationen\/\">Cooperations<\/a>\n\t\t\t<\/span>\n\t\t\t\t\t\t\t<\/div>\n\t\t\t\n\t\t\t\t\t\t\t<div class=\"tpg-excerpt tpg-el-excerpt\">\n\t\t\t\t\t\t\t\t\t\t\t<div class=\"tpg-excerpt-inner\">\n\t\t\t\t\t\t\tVom 12. bis 15. Juni 2025 fanden auf dem riesigen Flugplatzgel\u00e4nde in Obermehler die Medimeisterschaften statt \u2013 ein einmaliges Festival von und f\u00fcr Medizinstudierende, das f\u00fcr uns bei Akwaaba e.V. in...\t\t\t\t\t\t<\/div>\n\t\t\t\t\t\t\t\t\t\t\t\t\t\t<\/div>\n\t\t\t\n\t\t\t        <div class=\"post-footer\">\n            <div class=\"post-footer\">\n                <div class=\"read-more\">\n\t\t\t\t\t<a data-id=\"1263\" href=\"https:\/\/akwaaba-ev.de\/en\/2025\/06\/16\/akwaaba-e-v-bei-den-medimeisterschaften-2025-einsatz-gemeinschaft-und-jede-menge-pfand\/\" class=\"tpg-post-link\" target=\"_self\">Read more<\/a>                <\/div>\n            <\/div>\n        <\/div>\n\t\t\t\t<\/div>\n\t<\/div>\n<\/div>\n\n<div class=\"rt-col-md-6 rt-col-sm-6 rt-col-xs-12 default rt-grid-item\" data-id=\"865\">\n\t<div class=\"rt-holder tpg-post-holder\">\n\t\t<div class=\"rt-detail rt-el-content-wrapper\">\n\t\t\t\t\t\t\t<div class=\"rt-img-holder tpg-el-image-wrap has-thumbnail\">\n\t\t\t\t\t<a data-id=\"865\" href=\"https:\/\/akwaaba-ev.de\/en\/2024\/12\/18\/akwaaba-e-v-wird-teil-des-foerderprogramms-der-medimeisterschaften-nurpfand\/\" class=\"tpg-post-link\" target=\"_self\">                        <img decoding=\"async\" src=\"https:\/\/akwaaba-ev.de\/wp-content\/uploads\/2024\/12\/medimeisterschaften-nur-liebe.jpg\"\n                             class=\"rt-img-responsive\"\n                             width=\"672\"\n                             height=\"888\"\n                             alt=\"Akwaaba e.V. wird Teil des F\u00f6rderprogramms der Medimeisterschaften! NUR#Pfand\">\n\t\t\t\t\t\t\n\t\t\t\t\t\t\t\n\t\t<\/a>\n\t\t        <div class=\"overlay grid-hover-content\"><\/div>\n\t\t\t\t\t\t<\/div>\n\t\t\t\n\n\t\t\t<div class=\"entry-title-wrapper\"><h3 class=\"entry-title\"><a data-id=\"865\" href=\"https:\/\/akwaaba-ev.de\/en\/2024\/12\/18\/akwaaba-e-v-wird-teil-des-foerderprogramms-der-medimeisterschaften-nurpfand\/\" class=\"tpg-post-link\" target=\"_self\">Akwaaba e.V. is now part of the Medimeisterschaften support program! NUR#Pfand<\/a><\/h3><\/div>\n\t\t\t\t\t\t\t<div class=\"post-meta-tags rt-el-post-meta\">\n\t\t\t\t\t            <span class='author'>\n\n\t\t\t\t<i class='fa fa-user'><\/i><a href=\"https:\/\/akwaaba-ev.de\/en\/author\/naemi\/\">Naemi Kerl<\/a>\t\t\t<\/span>\n\t\t\t            <span class='date'>\n\t\t\t\t<i class='far fa-calendar-alt'><\/i>\t\t\t\t<a href=\"https:\/\/akwaaba-ev.de\/en\/2024\/12\/18\/\">\n\t\t\t\t\t18. December 2024\t\t\t\t<\/a>\n\t\t\t<\/span>\n\t\t\t            <span class='categories-links'>\n\t\t\t\t<i class='fas fa-folder-open'><\/i><a class=\"kooperationen\" href=\"https:\/\/akwaaba-ev.de\/en\/category\/kooperationen\/\">Cooperations<\/a>\n\t\t\t<\/span>\n\t\t\t\t\t\t\t<\/div>\n\t\t\t\n\t\t\t\t\t\t\t<div class=\"tpg-excerpt tpg-el-excerpt\">\n\t\t\t\t\t\t\t\t\t\t\t<div class=\"tpg-excerpt-inner\">\n\t\t\t\t\t\t\tWir freuen uns, euch \u00fcber eine spannende Kooperation mit den Medimeisterschaften zu informieren, einem der gr\u00f6\u00dften Events f\u00fcr Medizinstudierende in Deutschland! Nach zahlreichen Gespr\u00e4chen...\t\t\t\t\t\t<\/div>\n\t\t\t\t\t\t\t\t\t\t\t\t\t\t<\/div>\n\t\t\t\n\t\t\t        <div class=\"post-footer\">\n            <div class=\"post-footer\">\n                <div class=\"read-more\">\n\t\t\t\t\t<a data-id=\"865\" href=\"https:\/\/akwaaba-ev.de\/en\/2024\/12\/18\/akwaaba-e-v-wird-teil-des-foerderprogramms-der-medimeisterschaften-nurpfand\/\" class=\"tpg-post-link\" target=\"_self\">Read more<\/a>                <\/div>\n            <\/div>\n        <\/div>\n\t\t\t\t<\/div>\n\t<\/div>\n<\/div>\n\t\t\t<\/div>\n\t\t\t\n\t\t<\/div>\n\t\t\t\t<\/div>\n\t\t\t\t<\/div>\n\t\t\t\t\t<\/div>\n\t\t\t\t<\/div>\n\t\t\t\t<\/div>","protected":false},"excerpt":{"rendered":"<p>NUR#Pfand Medimeisterschaften Ab 2025 startet eine spannende Kooperation f\u00fcr Akwaaba e.V.: die Zusammenarbeit mit den Medimeisterschaften, einem der gr\u00f6\u00dften Sportfestivals f\u00fcr Medizinstudierende im deutschsprachigen Raum. Dieses Event vereint Tausende von Human-, Zahn- und Tiermedizinstudierenden aus Deutschland, \u00d6sterreich, der Schweiz, Ungarn, Rum\u00e4nien und weiteren L\u00e4ndern, um gemeinsam sportlich aktiv zu sein und dabei gemeinn\u00fctzige Vereine wie [&hellip;]<\/p>","protected":false},"author":1,"featured_media":0,"parent":0,"menu_order":0,"comment_status":"closed","ping_status":"closed","template":"","meta":{"footnotes":""},"class_list":["post-958","page","type-page","status-publish","hentry"],"rttpg_featured_image_url":null,"rttpg_author":{"display_name":"arlonso","author_link":"https:\/\/akwaaba-ev.de\/en\/author\/arlonso\/"},"rttpg_comment":0,"rttpg_category":"","rttpg_excerpt":"NUR#Pfand Medimeisterschaften Ab 2025 startet eine spannende Kooperation f\u00fcr Akwaaba e.V.: die Zusammenarbeit mit den Medimeisterschaften, einem der gr\u00f6\u00dften Sportfestivals f\u00fcr Medizinstudierende im deutschsprachigen Raum. Dieses Event vereint Tausende von Human-, Zahn- und Tiermedizinstudierenden aus Deutschland, \u00d6sterreich, der Schweiz, Ungarn, Rum\u00e4nien und weiteren L\u00e4ndern, um gemeinsam sportlich aktiv zu sein und dabei gemeinn\u00fctzige Vereine wie&hellip;","_links":{"self":[{"href":"https:\/\/akwaaba-ev.de\/en\/wp-json\/wp\/v2\/pages\/958","targetHints":{"allow":["GET"]}}],"collection":[{"href":"https:\/\/akwaaba-ev.de\/en\/wp-json\/wp\/v2\/pages"}],"about":[{"href":"https:\/\/akwaaba-ev.de\/en\/wp-json\/wp\/v2\/types\/page"}],"author":[{"embeddable":true,"href":"https:\/\/akwaaba-ev.de\/en\/wp-json\/wp\/v2\/users\/1"}],"replies":[{"embeddable":true,"href":"https:\/\/akwaaba-ev.de\/en\/wp-json\/wp\/v2\/comments?post=958"}],"version-history":[{"count":10,"href":"https:\/\/akwaaba-ev.de\/en\/wp-json\/wp\/v2\/pages\/958\/revisions"}],"predecessor-version":[{"id":1042,"href":"https:\/\/akwaaba-ev.de\/en\/wp-json\/wp\/v2\/pages\/958\/revisions\/1042"}],"wp:attachment":[{"href":"https:\/\/akwaaba-ev.de\/en\/wp-json\/wp\/v2\/media?parent=958"}],"curies":[{"name":"wp","href":"https:\/\/api.w.org\/{rel}","templated":true}]}}